{"id":9903,"date":"2021-04-08T12:20:41","date_gmt":"2021-04-08T09:20:41","guid":{"rendered":"https:\/\/turkelli.com\/wordpress\/?page_id=9903"},"modified":"2024-10-29T10:59:51","modified_gmt":"2024-10-29T07:59:51","slug":"doga-yeni-yolculuguna-cikti","status":"publish","type":"page","link":"https:\/\/turkelli.com\/wordpress\/doga-yeni-yolculuguna-cikti\/","title":{"rendered":"CUMHUR\u0130YET\u0130M\u0130Z\u0130N 101. YILI KUTLU OLSUN !"},"content":{"rendered":"","protected":false},"excerpt":{"rendered":"","protected":false},"author":1,"featured_media":0,"parent":0,"menu_order":0,"comment_status":"closed","ping_status":"closed","template":"","meta":{"footnotes":""},"hf_cat_page":[],"class_list":["post-9903","page","type-page","status-publish","hentry"],"_links":{"self":[{"href":"https:\/\/turkelli.com\/wordpress\/wp-json\/wp\/v2\/pages\/9903","targetHints":{"allow":["GET"]}}],"collection":[{"href":"https:\/\/turkelli.com\/wordpress\/wp-json\/wp\/v2\/pages"}],"about":[{"href":"https:\/\/turkelli.com\/wordpress\/wp-json\/wp\/v2\/types\/page"}],"author":[{"embeddable":true,"href":"https:\/\/turkelli.com\/wordpress\/wp-json\/wp\/v2\/users\/1"}],"replies":[{"embeddable":true,"href":"https:\/\/turkelli.com\/wordpress\/wp-json\/wp\/v2\/comments?post=9903"}],"version-history":[{"count":5,"href":"https:\/\/turkelli.com\/wordpress\/wp-json\/wp\/v2\/pages\/9903\/revisions"}],"predecessor-version":[{"id":16126,"href":"https:\/\/turkelli.com\/wordpress\/wp-json\/wp\/v2\/pages\/9903\/revisions\/16126"}],"wp:attachment":[{"href":"https:\/\/turkelli.com\/wordpress\/wp-json\/wp\/v2\/media?parent=9903"}],"wp:term":[{"taxonomy":"hf_cat_page","embeddable":true,"href":"https:\/\/turkelli.com\/wordpress\/wp-json\/wp\/v2\/hf_cat_page?post=9903"}],"curies":[{"name":"wp","href":"https:\/\/api.w.org\/{rel}","templated":true}]}}