{"id":82,"date":"2017-08-17T10:48:08","date_gmt":"2017-08-17T10:48:08","guid":{"rendered":"http:\/\/demo.themefreesia.com\/idyllic-creative-agency\/?page_id=82"},"modified":"2022-01-14T12:46:51","modified_gmt":"2022-01-14T09:46:51","slug":"stunning-features","status":"publish","type":"page","link":"https:\/\/turkelli.com\/wordpress\/stunning-features\/","title":{"rendered":"turkelli.com Web sitemizi yeniden yapt\u0131k."},"content":{"rendered":"<p><strong>turkelli.com web sitemizin yeni y\u00fcz\u00fc.<\/strong><\/p>\n<p><strong>turkelli.com , T\u00fcrkelli K\u00f6y\u00fc (O\u011fuz Mahallesi) i\u00e7in bir bellek say\u0131l\u0131r. Unutulabilir de\u011ferlere yatak-yurt kabul edilebilir.<\/strong><\/p>\n<p><strong>K\u00f6y\u00fcm\u00fczle ilgili bilgilere yenilerini eklemek g\u00f6revimiz. Bu g\u00f6reve siz de kat\u0131labilirsiniz:<\/strong><\/p>\n<p><strong><a href=\"https:\/\/turkelli.com\/wordpress\/?page_id=82#more-82\">&#8230;.yaz\u0131n\u0131n t\u00fcm\u00fc&#8230;.<\/a>\u00a0 \u00a0 \u00a0 \u00a0 turkelli.com<\/strong><\/p>\n<p><!--more--><\/p>\n<p><strong>\u00a0 \u00a0 \u00a0 Nas\u0131l kat\u0131labilirsiniz? \u00c7ok kolay! <\/strong><\/p>\n<p><strong>\u00a0 \u00a0 \u00a0 Ak\u0131ll\u0131 telefon ile fotograf \u00e7ekip, bir haber yaz\u0131p, bir belgeyi Telegram ya da whatsapp&#8217;tan\u00a0 <\/strong><\/p>\n<p><strong>\u00a0 \u00a0 \u00a0* Nural Emiro\u011flu &#8211; 0 (542) 483 82 44\u00a0\u00a0<\/strong><\/p>\n<p><strong>\u00a0 \u00a0 \u00a0* Orhan \u00d6zdemir &#8211; 0 (538) 979 3242,\u00a0 <\/strong><\/p>\n<p><strong>\u00a0 \u00a0 \u00a0* \u015eakir Sa\u011flam\u00a0 \u00a0 \u00a0&#8211; 0 (552) 200 5532 ye g\u00f6nderiniz. <\/strong><\/p>\n<p><strong>\u00a0 \u00a0 \u00a0 Bu kadar k\u0131sa ve basit.<\/strong><\/p>\n<p><strong>\u00a0 \u00a0 \u00a0 Yeni Web sitemizde neler de\u011fi\u015fti ?<\/strong><\/p>\n<ul>\n<li><strong>Bu \u015fablonu geni\u015f, orta ve k\u00fc\u00e7\u00fck \u00f6l\u00e7ekli her ekrandan (responsive \u00f6zelli\u011fi nedeniyle) izleyebileceksiniz.<\/strong><\/li>\n<li><strong>KOPYALAMA engeli koyduk, art\u0131k bilgilerinizi, fotograflar\u0131n\u0131z\u0131 al\u0131p kullanamayacaklar.<\/strong><\/li>\n<li><strong>T\u00fcm men\u00fc renklerini Trabzonspor renklerinden yapt\u0131k<\/strong>.<\/li>\n<li><strong>ANASAYFA butonunda T\u00dcRKELL\u0130 yaz\u0131yor.<\/strong><\/li>\n<li><strong>Hemen yan\u0131nda SOY A\u011eACI size bak\u0131yor. (Soya\u011fac\u0131 Sayfalar\u0131m\u0131z\u0131n say\u0131s\u0131 113 oldu. Eksikleri bulduk\u00e7a ekleyece\u011fiz. Bu konuda derledi\u011fi bilgileri bizimle payla\u015fan Em. \u00d6\u011frt. Mustafa Hac\u0131alio\u011flu&#8217;na, tabi Em. \u00d6\u011frt. Orhan \u00d6zdemir&#8217;e \u00e7ok te\u015fekk\u00fcr ederiz.)<\/strong><\/li>\n<\/ul>\n<p><strong style=\"font-size: inherit;\">\u00a0 \u00a0 \u00a0 \u00a0 \u00a0 Men\u00fcde SOY A\u011eACI butonu \u00fczerine t\u0131klamadan-mausu getirin, a\u00e7\u0131lan zarftan soyad\u0131n\u0131z\u0131n harfini bulun ve \u00fczerine gelin. \u0130\u015fte aile ad\u0131n\u0131z\u0131 buldunuz, TIKLAYINIZ.<\/strong><\/p>\n<ul>\n<li><strong>T\u00fcm bilgileri grupland\u0131rd\u0131k. \u00dcstte, men\u00fcde adlar\u0131n \u00fczerine fare ile geldi\u011finizde zarf a\u00e7\u0131l\u0131r ve listedeki bilgiye t\u0131klad\u0131\u011f\u0131n\u0131zda, arad\u0131klar\u0131n\u0131za kolayca ula\u015f\u0131labileceksiniz.<\/strong><\/li>\n<li><strong>Ayr\u0131ca &#8220;ARA&#8221; -MERCEK\u00a0 resmi ile de arad\u0131klar\u0131n\u0131z\u0131 yani sitede istediklerinizi kolayca bulabilirsiniz. Anasayfada sa\u011f \u00fcstte, mercek resmine t\u0131klay\u0131n, a\u00e7\u0131lan Penceresine arad\u0131\u011f\u0131n\u0131z bir s\u00f6zc\u00fck yaz\u0131p ARAMA butonuna t\u0131klay\u0131n\u0131z.<\/strong><\/li>\n<li><strong>Dil \u00c7evirici ekledik. En altta, GOOGLE ile d\u00fcnya dillerine \u00e7evrilen sitemizi daha \u00e7ok D\u00dcNYALI anlayabilecek. <\/strong><\/li>\n<li><strong>Alt\u0131ndaki &#8220;Saya\u00e7&#8221; ile izlenme say\u0131m\u0131z\u0131 g\u00f6rece\u011fiz. Bilindi\u011fi gibi eski sitemizin sayac\u0131 18.02.2021 g\u00fcn\u00fc (4,455,975) g\u00f6steriyordu.<\/strong><\/li>\n<li><strong>Takvim sa\u011f-yan s\u00fctunda.<\/strong><\/li>\n<li><strong>\u0130LET\u0130\u015e\u0130M haberle\u015fme-bilgi g\u00f6nderme kolayl\u0131\u011f\u0131 sa\u011fl\u0131yor. \u00dcstte men\u00fcde. En altta (geni\u015f-uzun ak\u015fam fotograf\u0131n\u0131n i\u00e7inde), ileti\u015fim, site haritas\u0131 ve linklerden yararlanabilirsiniz.<\/strong><\/li>\n<li><strong>Trabzon HAVA DURUMU&#8217;nu daha geni\u015f izlemek i\u00e7in AnaSayfada, en altta Hava Durumu&#8217;na bak\u0131n\u0131z.<\/strong><\/li>\n<li><strong>T\u00fcrkelli\u2019yi; \u0130leti\u015fimde HAR\u0130TADAN izleyebilirsiniz.<\/strong><\/li>\n<li><strong>Men\u00fcda ve AnaSayfada FOTOGRAF b\u00f6l\u00fcm\u00fcm\u00fcz\u00fc seveceksiniz. S\u00fcrekli yeni eklenen fotograflarla iyi seyirler.<\/strong><\/li>\n<li><strong> M\u00fczik-Video sayfam\u0131zda \u00e7ok kalacaks\u0131n\u0131z, \u015fimdiden s\u00f6yleyelim. G\u00f6nderilerinizle \u00e7o\u011falacak.<\/strong><\/li>\n<li><strong>YAZAR olmak ister misiniz? YAZAR-YAZI b\u00f6l\u00fcm\u00fcnde, yazar fotograflar\u0131yla-yaz\u0131lar\u0131 bir arada. Web sitemizdeki var olan t\u00fcm yaz\u0131lar\u0131, sahipleri sil demedi\u011fi s\u00fcrece (yerimiz var) bilgilendirici olacaklar.<\/strong><\/li>\n<li><strong>Haberler iki yerde. AnaSayfada-a\u015fa\u011f\u0131da T\u00fcrkelli Postas\u0131, Do\u011fum Tarihleri, Ni\u015fan-d\u00fc\u011f\u00fcn Tarihleri, Aram\u0131zdan Ayr\u0131lma Tarihleri bulunuyor. Ayr\u0131ca bu bilgileri; \u00dcstte men\u00fcde Haberlere ba\u011fl\u0131 &#8220;T\u00fcrkelli Haberleri, &#8220;Ni\u015fan-D\u00fc\u011f\u00fcn Haberleri, &#8220;Aram\u0131zdan Ayr\u0131lanlar&#8221; \u0131n haberlerini izleyebilirsiniz.<\/strong><\/li>\n<li><strong>Blog yine her yeni yaz\u0131lar\u0131 bulabileceksiniz.<\/strong><\/li>\n<li><strong>Projelerimizi g\u00fcc\u00fcm\u00fcz yetti\u011fince s\u00fcrd\u00fcrece\u011fiz. Ama\u00e7: T\u00fcrkelli&#8217;ye bir miras b\u0131rakmak\u2026<\/strong><\/li>\n<\/ul>\n<p><strong>\u00a0 \u00a0 \u00a0 T\u00fcm\u00fcn\u00fcze, emekleriniz i\u00e7in te\u015fekk\u00fcr ederek\u2026\u00a0<\/strong><\/p>\n<p><strong>\u00a0 \u00a0 \u00a0 G\u00dcZELL\u0130K GELECEK\u2026<\/strong><\/p>\n","protected":false},"excerpt":{"rendered":"<p>turkelli.com web sitemizin yeni y\u00fcz\u00fc. turkelli.com , T\u00fcrkelli K\u00f6y\u00fc (O\u011fuz Mahallesi) i\u00e7in bir bellek say\u0131l\u0131r. Unutulabilir de\u011ferlere yatak-yurt kabul edilebilir. K\u00f6y\u00fcm\u00fczle ilgili bilgilere yenilerini eklemek g\u00f6revimiz. Bu g\u00f6reve siz de kat\u0131labilirsiniz: &#8230;.yaz\u0131n\u0131n t\u00fcm\u00fc&#8230;.\u00a0 \u00a0 \u00a0 \u00a0 turkelli.com<\/p>\n","protected":false},"author":1,"featured_media":0,"parent":0,"menu_order":0,"comment_status":"closed","ping_status":"closed","template":"","meta":{"footnotes":""},"hf_cat_page":[],"class_list":["post-82","page","type-page","status-publish","hentry"],"_links":{"self":[{"href":"https:\/\/turkelli.com\/wordpress\/wp-json\/wp\/v2\/pages\/82","targetHints":{"allow":["GET"]}}],"collection":[{"href":"https:\/\/turkelli.com\/wordpress\/wp-json\/wp\/v2\/pages"}],"about":[{"href":"https:\/\/turkelli.com\/wordpress\/wp-json\/wp\/v2\/types\/page"}],"author":[{"embeddable":true,"href":"https:\/\/turkelli.com\/wordpress\/wp-json\/wp\/v2\/users\/1"}],"replies":[{"embeddable":true,"href":"https:\/\/turkelli.com\/wordpress\/wp-json\/wp\/v2\/comments?post=82"}],"version-history":[{"count":25,"href":"https:\/\/turkelli.com\/wordpress\/wp-json\/wp\/v2\/pages\/82\/revisions"}],"predecessor-version":[{"id":11144,"href":"https:\/\/turkelli.com\/wordpress\/wp-json\/wp\/v2\/pages\/82\/revisions\/11144"}],"wp:attachment":[{"href":"https:\/\/turkelli.com\/wordpress\/wp-json\/wp\/v2\/media?parent=82"}],"wp:term":[{"taxonomy":"hf_cat_page","embeddable":true,"href":"https:\/\/turkelli.com\/wordpress\/wp-json\/wp\/v2\/hf_cat_page?post=82"}],"curies":[{"name":"wp","href":"https:\/\/api.w.org\/{rel}","templated":true}]}}