{"id":14725,"date":"2023-12-28T12:37:31","date_gmt":"2023-12-28T09:37:31","guid":{"rendered":"https:\/\/turkelli.com\/wordpress\/?page_id=14725"},"modified":"2024-12-29T18:07:05","modified_gmt":"2024-12-29T15:07:05","slug":"2024-somurusuz-bir-dunya-olsun","status":"publish","type":"page","link":"https:\/\/turkelli.com\/wordpress\/2024-somurusuz-bir-dunya-olsun\/","title":{"rendered":"2025 S\u00d6M\u00dcR\u00dcS\u00dcZ B\u0130R D\u00dcNYA OLSUN"},"content":{"rendered":"\n<figure class=\"wp-block-image size-large\"><img loading=\"lazy\" decoding=\"async\" width=\"2048\" height=\"1024\" src=\"https:\/\/turkelli.com\/wordpress\/wp-content\/uploads\/2025-GUZELLIKLE-GEL-2048x1024.jpg\" alt=\"\" class=\"wp-image-16592\" srcset=\"https:\/\/turkelli.com\/wordpress\/wp-content\/uploads\/2025-GUZELLIKLE-GEL-2048x1024.jpg 2048w, https:\/\/turkelli.com\/wordpress\/wp-content\/uploads\/2025-GUZELLIKLE-GEL-300x150.jpg 300w, https:\/\/turkelli.com\/wordpress\/wp-content\/uploads\/2025-GUZELLIKLE-GEL-768x384.jpg 768w, https:\/\/turkelli.com\/wordpress\/wp-content\/uploads\/2025-GUZELLIKLE-GEL-1536x768.jpg 1536w\" sizes=\"auto, (max-width: 2048px) 100vw, 2048px\" \/><\/figure>\n","protected":false},"excerpt":{"rendered":"","protected":false},"author":1,"featured_media":0,"parent":0,"menu_order":0,"comment_status":"closed","ping_status":"closed","template":"","meta":{"footnotes":""},"hf_cat_page":[],"class_list":["post-14725","page","type-page","status-publish","hentry"],"_links":{"self":[{"href":"https:\/\/turkelli.com\/wordpress\/wp-json\/wp\/v2\/pages\/14725","targetHints":{"allow":["GET"]}}],"collection":[{"href":"https:\/\/turkelli.com\/wordpress\/wp-json\/wp\/v2\/pages"}],"about":[{"href":"https:\/\/turkelli.com\/wordpress\/wp-json\/wp\/v2\/types\/page"}],"author":[{"embeddable":true,"href":"https:\/\/turkelli.com\/wordpress\/wp-json\/wp\/v2\/users\/1"}],"replies":[{"embeddable":true,"href":"https:\/\/turkelli.com\/wordpress\/wp-json\/wp\/v2\/comments?post=14725"}],"version-history":[{"count":3,"href":"https:\/\/turkelli.com\/wordpress\/wp-json\/wp\/v2\/pages\/14725\/revisions"}],"predecessor-version":[{"id":16594,"href":"https:\/\/turkelli.com\/wordpress\/wp-json\/wp\/v2\/pages\/14725\/revisions\/16594"}],"wp:attachment":[{"href":"https:\/\/turkelli.com\/wordpress\/wp-json\/wp\/v2\/media?parent=14725"}],"wp:term":[{"taxonomy":"hf_cat_page","embeddable":true,"href":"https:\/\/turkelli.com\/wordpress\/wp-json\/wp\/v2\/hf_cat_page?post=14725"}],"curies":[{"name":"wp","href":"https:\/\/api.w.org\/{rel}","templated":true}]}}