{"id":143,"date":"2017-08-17T12:29:47","date_gmt":"2017-08-17T12:29:47","guid":{"rendered":"http:\/\/demo.themefreesia.com\/idyllic-creative-agency\/?page_id=143"},"modified":"2021-07-21T13:53:12","modified_gmt":"2021-07-21T10:53:12","slug":"start-building-awesome","status":"publish","type":"page","link":"https:\/\/turkelli.com\/wordpress\/out-team\/start-building-awesome\/","title":{"rendered":"Orhan \u00d6zdemir"},"content":{"rendered":"\n<p><strong>+90 (538) 9793242<\/strong><\/p>\n\n\n\n<!--more-->\n\n\n<p>turkelli.com web sitemiz, Orhan \u00d6zdemir&#8217;in \u00dcmraniye&#8217;de Dernek y\u00f6neticisi oldu\u011fu g\u00fcnlerde planland\u0131.<\/p>\n<p>Orhan \u00e7ok emek verdi. 15 y\u0131ld\u0131r s\u00fcrd\u00fcr\u00fcyor. Keyif ald\u0131\u011f\u0131 bu i\u015f i\u00e7in, diyor ki; &#8220;asl\u0131nda T\u00fcrkelli K\u00f6y\u00fc&#8217;me bir hizmet oldu\u011funa inan\u0131yorum&#8221;\u00a0<\/p>\n<p>\u0130nsanlara ula\u015fmada usta bir kafas\u0131 var. Dost canl\u0131s\u0131, \u00e7al\u0131\u015fkan, \u00f6zverili.<\/p>\n<p>Sa\u011f olsun.<\/p>\n\n\n<p><\/p>\n","protected":false},"excerpt":{"rendered":"<p>+90 (538) 9793242<\/p>\n","protected":false},"author":1,"featured_media":9523,"parent":129,"menu_order":0,"comment_status":"closed","ping_status":"closed","template":"","meta":{"footnotes":""},"hf_cat_page":[],"class_list":["post-143","page","type-page","status-publish","has-post-thumbnail","hentry"],"_links":{"self":[{"href":"https:\/\/turkelli.com\/wordpress\/wp-json\/wp\/v2\/pages\/143","targetHints":{"allow":["GET"]}}],"collection":[{"href":"https:\/\/turkelli.com\/wordpress\/wp-json\/wp\/v2\/pages"}],"about":[{"href":"https:\/\/turkelli.com\/wordpress\/wp-json\/wp\/v2\/types\/page"}],"author":[{"embeddable":true,"href":"https:\/\/turkelli.com\/wordpress\/wp-json\/wp\/v2\/users\/1"}],"replies":[{"embeddable":true,"href":"https:\/\/turkelli.com\/wordpress\/wp-json\/wp\/v2\/comments?post=143"}],"version-history":[{"count":12,"href":"https:\/\/turkelli.com\/wordpress\/wp-json\/wp\/v2\/pages\/143\/revisions"}],"predecessor-version":[{"id":10537,"href":"https:\/\/turkelli.com\/wordpress\/wp-json\/wp\/v2\/pages\/143\/revisions\/10537"}],"up":[{"embeddable":true,"href":"https:\/\/turkelli.com\/wordpress\/wp-json\/wp\/v2\/pages\/129"}],"wp:featuredmedia":[{"embeddable":true,"href":"https:\/\/turkelli.com\/wordpress\/wp-json\/wp\/v2\/media\/9523"}],"wp:attachment":[{"href":"https:\/\/turkelli.com\/wordpress\/wp-json\/wp\/v2\/media?parent=143"}],"wp:term":[{"taxonomy":"hf_cat_page","embeddable":true,"href":"https:\/\/turkelli.com\/wordpress\/wp-json\/wp\/v2\/hf_cat_page?post=143"}],"curies":[{"name":"wp","href":"https:\/\/api.w.org\/{rel}","templated":true}]}}