{"id":141,"date":"2017-08-17T12:28:13","date_gmt":"2017-08-17T12:28:13","guid":{"rendered":"http:\/\/demo.themefreesia.com\/idyllic-creative-agency\/?page_id=141"},"modified":"2021-02-17T12:11:28","modified_gmt":"2021-02-17T09:11:28","slug":"your-perfect-tool","status":"publish","type":"page","link":"https:\/\/turkelli.com\/wordpress\/out-team\/your-perfect-tool\/","title":{"rendered":"Nural Emiro\u011flu"},"content":{"rendered":"\n<p><strong>+90 (542) 483 82 44<\/strong><\/p>\n\n\n<p><!--more--><\/p>\n<p>t\u00fcrkelli.com web sitemiz i\u00e7in y\u0131llard\u0131r fotograf \u00e7ekip, haber g\u00f6nderen Nural Emiro\u011flu, \u00e7ok b\u00fcy\u00fck bir te\u015fekk\u00fcr ve sayg\u0131y\u0131 hak ediyor.<\/p>\n<p>Kendisi de, T\u00fcrkelli K\u00f6y\u00fc sakinlerine bu yolla bir katk\u0131da bulunmaktan \u00e7ok mutlu oldu\u011funu anlat\u0131yor.<\/p>\n<p>\u00d6zverili, \u00e7al\u0131\u015fkan, giri\u015fimci yap\u0131da biri.<\/p>\n<p>Sa\u011f olsun.<\/p>","protected":false},"excerpt":{"rendered":"<p>+90 (542) 483 82 44<\/p>\n","protected":false},"author":1,"featured_media":958,"parent":129,"menu_order":0,"comment_status":"closed","ping_status":"closed","template":"","meta":{"footnotes":""},"hf_cat_page":[],"class_list":["post-141","page","type-page","status-publish","has-post-thumbnail","hentry"],"_links":{"self":[{"href":"https:\/\/turkelli.com\/wordpress\/wp-json\/wp\/v2\/pages\/141","targetHints":{"allow":["GET"]}}],"collection":[{"href":"https:\/\/turkelli.com\/wordpress\/wp-json\/wp\/v2\/pages"}],"about":[{"href":"https:\/\/turkelli.com\/wordpress\/wp-json\/wp\/v2\/types\/page"}],"author":[{"embeddable":true,"href":"https:\/\/turkelli.com\/wordpress\/wp-json\/wp\/v2\/users\/1"}],"replies":[{"embeddable":true,"href":"https:\/\/turkelli.com\/wordpress\/wp-json\/wp\/v2\/comments?post=141"}],"version-history":[{"count":4,"href":"https:\/\/turkelli.com\/wordpress\/wp-json\/wp\/v2\/pages\/141\/revisions"}],"predecessor-version":[{"id":9156,"href":"https:\/\/turkelli.com\/wordpress\/wp-json\/wp\/v2\/pages\/141\/revisions\/9156"}],"up":[{"embeddable":true,"href":"https:\/\/turkelli.com\/wordpress\/wp-json\/wp\/v2\/pages\/129"}],"wp:featuredmedia":[{"embeddable":true,"href":"https:\/\/turkelli.com\/wordpress\/wp-json\/wp\/v2\/media\/958"}],"wp:attachment":[{"href":"https:\/\/turkelli.com\/wordpress\/wp-json\/wp\/v2\/media?parent=141"}],"wp:term":[{"taxonomy":"hf_cat_page","embeddable":true,"href":"https:\/\/turkelli.com\/wordpress\/wp-json\/wp\/v2\/hf_cat_page?post=141"}],"curies":[{"name":"wp","href":"https:\/\/api.w.org\/{rel}","templated":true}]}}