{"id":139,"date":"2017-08-17T12:27:04","date_gmt":"2017-08-17T12:27:04","guid":{"rendered":"http:\/\/demo.themefreesia.com\/idyllic-creative-agency\/?page_id=139"},"modified":"2021-02-21T14:47:22","modified_gmt":"2021-02-21T11:47:22","slug":"new-look-weekend","status":"publish","type":"page","link":"https:\/\/turkelli.com\/wordpress\/out-team\/new-look-weekend\/","title":{"rendered":"Size de Yer Var-1"},"content":{"rendered":"<h4><!--more--><\/h4>\n<p>turkelli.com ekibi fotograf\u00e7\u0131d\u0131r, habercidir, sponsordur. Hepsi birden de olabilir.<\/p>\n<h4>Ekibin aras\u0131nda olmak ister misiniz?<\/h4>\n<p>Ekipten birisi de siz olabilirsiniz. \u00c7ok Koay!<\/p>\n<p>Telefonla \u00e7ekti\u011finiz fotograf\u0131&nbsp; <strong>Nural Emiro\u011flu &#8211; 542 483 82 44 Orhan \u00d6zdemir &#8211; 538 979 3242, \u015eakir Sa\u011flam &#8211; 552 200 5532 <\/strong>nolu telefonlara WHATSAPP gibi \u00e7e\u015fitli medyalarla g\u00f6nderebilirsiniz.<\/p>\n<p>Ya da bir haber g\u00f6nderiniz. Ya da sponsor olunuz. Birini yapar ve burada olmak isterseniz, yerimiz var. Bir de portrenizi \u00e7ekip g\u00f6nderiniz ki daha g\u00fczel olur.<\/p>\n<p>Bunlardan birini yap\u0131nca burada yer almak istemeyebilirsiniz. Karar sizin.<\/p>\n","protected":false},"excerpt":{"rendered":"","protected":false},"author":1,"featured_media":970,"parent":129,"menu_order":0,"comment_status":"closed","ping_status":"closed","template":"","meta":{"footnotes":""},"hf_cat_page":[],"class_list":["post-139","page","type-page","status-publish","has-post-thumbnail","hentry"],"_links":{"self":[{"href":"https:\/\/turkelli.com\/wordpress\/wp-json\/wp\/v2\/pages\/139","targetHints":{"allow":["GET"]}}],"collection":[{"href":"https:\/\/turkelli.com\/wordpress\/wp-json\/wp\/v2\/pages"}],"about":[{"href":"https:\/\/turkelli.com\/wordpress\/wp-json\/wp\/v2\/types\/page"}],"author":[{"embeddable":true,"href":"https:\/\/turkelli.com\/wordpress\/wp-json\/wp\/v2\/users\/1"}],"replies":[{"embeddable":true,"href":"https:\/\/turkelli.com\/wordpress\/wp-json\/wp\/v2\/comments?post=139"}],"version-history":[{"count":4,"href":"https:\/\/turkelli.com\/wordpress\/wp-json\/wp\/v2\/pages\/139\/revisions"}],"predecessor-version":[{"id":9292,"href":"https:\/\/turkelli.com\/wordpress\/wp-json\/wp\/v2\/pages\/139\/revisions\/9292"}],"up":[{"embeddable":true,"href":"https:\/\/turkelli.com\/wordpress\/wp-json\/wp\/v2\/pages\/129"}],"wp:featuredmedia":[{"embeddable":true,"href":"https:\/\/turkelli.com\/wordpress\/wp-json\/wp\/v2\/media\/970"}],"wp:attachment":[{"href":"https:\/\/turkelli.com\/wordpress\/wp-json\/wp\/v2\/media?parent=139"}],"wp:term":[{"taxonomy":"hf_cat_page","embeddable":true,"href":"https:\/\/turkelli.com\/wordpress\/wp-json\/wp\/v2\/hf_cat_page?post=139"}],"curies":[{"name":"wp","href":"https:\/\/api.w.org\/{rel}","templated":true}]}}