{"id":12993,"date":"2023-04-09T13:57:14","date_gmt":"2023-04-09T10:57:14","guid":{"rendered":"https:\/\/turkelli.com\/wordpress\/?page_id=12993"},"modified":"2023-08-31T11:28:03","modified_gmt":"2023-08-31T08:28:03","slug":"cumhurbaskani-adayi-kemal-kilicdaroglunu-destekliyoruz","status":"publish","type":"page","link":"https:\/\/turkelli.com\/wordpress\/cumhurbaskani-adayi-kemal-kilicdaroglunu-destekliyoruz\/","title":{"rendered":"30 A\u011fustos Zafer Bayram\u0131 O\u011eUZ K\u00d6Y\u00dc&#8217;nde kutland\u0131."},"content":{"rendered":"\n<!--more-->\n","protected":false},"excerpt":{"rendered":"","protected":false},"author":1,"featured_media":0,"parent":0,"menu_order":0,"comment_status":"closed","ping_status":"closed","template":"","meta":{"footnotes":""},"hf_cat_page":[],"class_list":["post-12993","page","type-page","status-publish","hentry"],"_links":{"self":[{"href":"https:\/\/turkelli.com\/wordpress\/wp-json\/wp\/v2\/pages\/12993","targetHints":{"allow":["GET"]}}],"collection":[{"href":"https:\/\/turkelli.com\/wordpress\/wp-json\/wp\/v2\/pages"}],"about":[{"href":"https:\/\/turkelli.com\/wordpress\/wp-json\/wp\/v2\/types\/page"}],"author":[{"embeddable":true,"href":"https:\/\/turkelli.com\/wordpress\/wp-json\/wp\/v2\/users\/1"}],"replies":[{"embeddable":true,"href":"https:\/\/turkelli.com\/wordpress\/wp-json\/wp\/v2\/comments?post=12993"}],"version-history":[{"count":10,"href":"https:\/\/turkelli.com\/wordpress\/wp-json\/wp\/v2\/pages\/12993\/revisions"}],"predecessor-version":[{"id":13925,"href":"https:\/\/turkelli.com\/wordpress\/wp-json\/wp\/v2\/pages\/12993\/revisions\/13925"}],"wp:attachment":[{"href":"https:\/\/turkelli.com\/wordpress\/wp-json\/wp\/v2\/media?parent=12993"}],"wp:term":[{"taxonomy":"hf_cat_page","embeddable":true,"href":"https:\/\/turkelli.com\/wordpress\/wp-json\/wp\/v2\/hf_cat_page?post=12993"}],"curies":[{"name":"wp","href":"https:\/\/api.w.org\/{rel}","templated":true}]}}