{"id":10446,"date":"2021-07-04T13:18:22","date_gmt":"2021-07-04T10:18:22","guid":{"rendered":"https:\/\/turkelli.com\/wordpress\/?page_id=10446"},"modified":"2021-07-04T13:18:22","modified_gmt":"2021-07-04T10:18:22","slug":"turkelli-com-oguzlularindir","status":"publish","type":"page","link":"https:\/\/turkelli.com\/wordpress\/turkelli-com-oguzlularindir\/","title":{"rendered":"turkelli.com O\u011eUZLULAR&#8217;\u0131nd\u0131r."},"content":{"rendered":"","protected":false},"excerpt":{"rendered":"","protected":false},"author":1,"featured_media":0,"parent":0,"menu_order":0,"comment_status":"closed","ping_status":"closed","template":"","meta":{"footnotes":""},"hf_cat_page":[],"class_list":["post-10446","page","type-page","status-publish","hentry"],"_links":{"self":[{"href":"https:\/\/turkelli.com\/wordpress\/wp-json\/wp\/v2\/pages\/10446","targetHints":{"allow":["GET"]}}],"collection":[{"href":"https:\/\/turkelli.com\/wordpress\/wp-json\/wp\/v2\/pages"}],"about":[{"href":"https:\/\/turkelli.com\/wordpress\/wp-json\/wp\/v2\/types\/page"}],"author":[{"embeddable":true,"href":"https:\/\/turkelli.com\/wordpress\/wp-json\/wp\/v2\/users\/1"}],"replies":[{"embeddable":true,"href":"https:\/\/turkelli.com\/wordpress\/wp-json\/wp\/v2\/comments?post=10446"}],"version-history":[{"count":1,"href":"https:\/\/turkelli.com\/wordpress\/wp-json\/wp\/v2\/pages\/10446\/revisions"}],"predecessor-version":[{"id":10448,"href":"https:\/\/turkelli.com\/wordpress\/wp-json\/wp\/v2\/pages\/10446\/revisions\/10448"}],"wp:attachment":[{"href":"https:\/\/turkelli.com\/wordpress\/wp-json\/wp\/v2\/media?parent=10446"}],"wp:term":[{"taxonomy":"hf_cat_page","embeddable":true,"href":"https:\/\/turkelli.com\/wordpress\/wp-json\/wp\/v2\/hf_cat_page?post=10446"}],"curies":[{"name":"wp","href":"https:\/\/api.w.org\/{rel}","templated":true}]}}